{"id":424,"date":"2015-05-13T18:19:50","date_gmt":"2015-05-13T16:19:50","guid":{"rendered":"http:\/\/trachtenkapelle-kinzigtal.de\/?page_id=424"},"modified":"2019-07-21T17:44:21","modified_gmt":"2019-07-21T15:44:21","slug":"sommerfest-2015","status":"publish","type":"page","link":"https:\/\/trachtenkapelle-kinzigtal.de\/?page_id=424","title":{"rendered":"Sommerfest 2019"},"content":{"rendered":"<p>Liebe Freunde der Bl\u00e4serjugend und Trachtenkapelle Kinzigtal e.V.,<\/p>\n<p>der Sommer ist da und\u00a0die Vorbereitungen\u00a0f\u00fcr unser viert\u00e4giges Sommerfest laufen auf Hochtouren. Wir laden euch recht herzlich dazu ein und freuen uns auf euer Kommen.<\/p>\n<hr \/>\n<h2>\u00a0Freitag, 24.08.2018<\/h2>\n<p><img loading=\"lazy\" decoding=\"async\" class=\"alignnone wp-image-1577\" src=\"https:\/\/trachtenkapelle-kinzigtal.de\/wp-content\/uploads\/2018\/06\/BeachParty.jpg\" alt=\"\" width=\"295\" height=\"417\" srcset=\"https:\/\/trachtenkapelle-kinzigtal.de\/wp-content\/uploads\/2018\/06\/BeachParty.jpg 567w, https:\/\/trachtenkapelle-kinzigtal.de\/wp-content\/uploads\/2018\/06\/BeachParty-424x600.jpg 424w\" sizes=\"auto, (max-width: 295px) 100vw, 295px\" \/><\/p>\n<p>Wie jedes Jahr\u00a0beginnt unser Sommerfest mit der Beach-Party. Sie findet dieses Jahr am <strong>Freitag, den 24. August\u00a0<\/strong>statt. Freut euch auf eine geile Party-Nacht und vielen Specials!<\/p>\n<hr \/>\n<h2>\u00a0Samstag, 25.08.2018<\/h2>\n<p><img loading=\"lazy\" decoding=\"async\" class=\"alignnone wp-image-1579\" src=\"https:\/\/trachtenkapelle-kinzigtal.de\/wp-content\/uploads\/2018\/06\/Bollin.jpg\" alt=\"\" width=\"568\" height=\"385\" srcset=\"https:\/\/trachtenkapelle-kinzigtal.de\/wp-content\/uploads\/2018\/06\/Bollin.jpg 945w, https:\/\/trachtenkapelle-kinzigtal.de\/wp-content\/uploads\/2018\/06\/Bollin-800x542.jpg 800w, https:\/\/trachtenkapelle-kinzigtal.de\/wp-content\/uploads\/2018\/06\/Bollin-768x520.jpg 768w\" sizes=\"auto, (max-width: 568px) 100vw, 568px\" \/><\/p>\n<p>Die Blasmusikfreunde unter uns bekommen am\u00a0<strong>Samstag, den 25.08.2018 um 20 Uhr<\/strong> Blasmusik der absoluten Spitzenklasse zu h\u00f6ren. Dieses Jahr spielen im Festzelt f\u00fcr euch &#8222;J\u00f6rg Bollin und das m\u00e4hrische Feuer&#8220;.\u00a0<strong>Vorbestellungen\u00a0f\u00fcr Vorverkaufskarten sind bereits m\u00f6glich.<\/strong><\/p>\n<p>Wir freuen uns auf einen sch\u00f6nen und musikalischen Abend mit euch!<\/p>\n<hr \/>\n<h2>Sonntag, 26.08.2018<\/h2>\n<p><img loading=\"lazy\" decoding=\"async\" class=\"alignnone size-full wp-image-1594\" src=\"https:\/\/trachtenkapelle-kinzigtal.de\/wp-content\/uploads\/2018\/08\/Programm-Sonntag.png\" alt=\"\" width=\"1104\" height=\"595\" srcset=\"https:\/\/trachtenkapelle-kinzigtal.de\/wp-content\/uploads\/2018\/08\/Programm-Sonntag.png 1104w, https:\/\/trachtenkapelle-kinzigtal.de\/wp-content\/uploads\/2018\/08\/Programm-Sonntag-800x431.png 800w, https:\/\/trachtenkapelle-kinzigtal.de\/wp-content\/uploads\/2018\/08\/Programm-Sonntag-768x414.png 768w, https:\/\/trachtenkapelle-kinzigtal.de\/wp-content\/uploads\/2018\/08\/Programm-Sonntag-1024x552.png 1024w\" sizes=\"auto, (max-width: 1104px) 100vw, 1104px\" \/><\/p>\n<p>Am Festsonntag ist wieder <strong>Tag der Blasmusik<\/strong>, sodass ihr von morgens bis abends ein buntes Programm erleben k\u00f6nnt.<\/p>\n<p><em>10:00 Uhr \u00a0\u00a0 <\/em>Gottesdienst in der Pausenhalle Halbmeil<br \/>\n<em>11:15 Uhr\u00a0 \u00a0 \u00a0\u00a0<\/em>Musikverein Fl\u00f6zlingen<br \/>\n<em>13:30 Uhr\u00a0 \u00a0 \u00a0<\/em>Blasorchester Biberach<br \/>\n<em>15:45 Uhr \u00a0 \u00a0 <\/em>Musikverein R\u00f6tenbach<br \/>\n<em>18:00 Uhr<\/em> \u00a0 \u00a0 Jugendkapelle &#8222;Connected&#8220; und Kindertrachtentanzgruppe Kinzigtal<\/p>\n<hr \/>\n<h2>Montag, 27.08.2018<\/h2>\n<p><img loading=\"lazy\" decoding=\"async\" class=\"alignnone wp-image-1595\" src=\"https:\/\/trachtenkapelle-kinzigtal.de\/wp-content\/uploads\/2018\/08\/Blech.png\" alt=\"\" width=\"678\" height=\"192\" srcset=\"https:\/\/trachtenkapelle-kinzigtal.de\/wp-content\/uploads\/2018\/08\/Blech.png 1113w, https:\/\/trachtenkapelle-kinzigtal.de\/wp-content\/uploads\/2018\/08\/Blech-800x226.png 800w, https:\/\/trachtenkapelle-kinzigtal.de\/wp-content\/uploads\/2018\/08\/Blech-768x217.png 768w, https:\/\/trachtenkapelle-kinzigtal.de\/wp-content\/uploads\/2018\/08\/Blech-1024x290.png 1024w\" sizes=\"auto, (max-width: 678px) 100vw, 678px\" \/><br \/>\nDen Montagabend und somit auch den letzten Tag unseres Sommerfests werden wir mit Blasmusik und einem <strong>Handwerkervesper<\/strong> ausklingen lassen.<br \/>\nAb <strong>17:00 Uhr<\/strong>\u00a0gibt es f\u00fcr euch Speis und Trank im Festzelt, ab <strong>19:00 Uhr<\/strong>\u00a0werden &#8222;Lauterblech&#8220; f\u00fcr Unterhaltung sorgen.<\/p>\n<hr \/>\n<p>Wir freuen uns, euch im Festzelt in Halbmeil begr\u00fc\u00dfen zu d\u00fcrfen!<br \/>\nBl\u00e4serjugend Kinzigtal e.V. \u2022 Trachtenkapelle Kinzigtal e.V. \u2022 Musikalisches Kinzigtal GbR<\/p>\n","protected":false},"excerpt":{"rendered":"<div class=\"mh-excerpt\"><p>Liebe Freunde der Bl\u00e4serjugend und Trachtenkapelle Kinzigtal e.V., der Sommer ist da und\u00a0die Vorbereitungen\u00a0f\u00fcr unser viert\u00e4giges Sommerfest laufen auf Hochtouren. Wir laden euch recht herzlich <a class=\"mh-excerpt-more\" href=\"https:\/\/trachtenkapelle-kinzigtal.de\/?page_id=424\" title=\"Sommerfest 2019\">[&#8230;]<\/a><\/p>\n<\/div>","protected":false},"author":1,"featured_media":0,"parent":0,"menu_order":0,"comment_status":"closed","ping_status":"closed","template":"","meta":{"footnotes":""},"class_list":["post-424","page","type-page","status-publish","hentry"],"_links":{"self":[{"href":"https:\/\/trachtenkapelle-kinzigtal.de\/index.php?rest_route=\/wp\/v2\/pages\/424","targetHints":{"allow":["GET"]}}],"collection":[{"href":"https:\/\/trachtenkapelle-kinzigtal.de\/index.php?rest_route=\/wp\/v2\/pages"}],"about":[{"href":"https:\/\/trachtenkapelle-kinzigtal.de\/index.php?rest_route=\/wp\/v2\/types\/page"}],"author":[{"embeddable":true,"href":"https:\/\/trachtenkapelle-kinzigtal.de\/index.php?rest_route=\/wp\/v2\/users\/1"}],"replies":[{"embeddable":true,"href":"https:\/\/trachtenkapelle-kinzigtal.de\/index.php?rest_route=%2Fwp%2Fv2%2Fcomments&post=424"}],"version-history":[{"count":39,"href":"https:\/\/trachtenkapelle-kinzigtal.de\/index.php?rest_route=\/wp\/v2\/pages\/424\/revisions"}],"predecessor-version":[{"id":1854,"href":"https:\/\/trachtenkapelle-kinzigtal.de\/index.php?rest_route=\/wp\/v2\/pages\/424\/revisions\/1854"}],"wp:attachment":[{"href":"https:\/\/trachtenkapelle-kinzigtal.de\/index.php?rest_route=%2Fwp%2Fv2%2Fmedia&parent=424"}],"curies":[{"name":"wp","href":"https:\/\/api.w.org\/{rel}","templated":true}]}}